{"id":10,"date":"2008-09-02T21:39:05","date_gmt":"2008-09-02T19:39:05","guid":{"rendered":"http:\/\/www.bobbb.de\/?page_id=10"},"modified":"2008-09-19T09:05:32","modified_gmt":"2008-09-19T07:05:32","slug":"die-akteure","status":"publish","type":"page","link":"https:\/\/www.bobbb.de\/?page_id=10","title":{"rendered":"Die Akteure"},"content":{"rendered":"<p>Die Akteure beim Br\u00fcckenbau lassen sich in der Reihenfolge ihrer Wichtigkeit in folgende Kategorien aufteilen:<\/p>\n<ul>\n<li>Die <strong>IMNEKT<\/strong>s<br \/>\nIMNEKT ist das K\u00fcrzel f\u00fcr Ich-Muss-Nichtmal-Ein-Klemmbrett-Tragen<br \/>\nDas sind die H\u00e4uptlinge vor Ort. Sie haben den \u00dcberblick, l\u00e4cheln in der Regel in die Sonne, wenn sie scheint, und halten kleine Schw\u00e4tzchen mit dem gehobenen Personal der Baustellenmannschaft.<\/li>\n<li>Die <strong>Klemmbretttr\u00e4ger<br \/>\n<\/strong>Auch wichtig, aber eben nicht so wichtig wie die IMNEKTs. Die Klemmbretttr\u00e4ger sind bem\u00fcht die Papiere auf ihrem Klemmbrett mit dem Gesehenen in Einklang zu bringen. Das gelingt gelegentlich. Sie nehmen allerdings au\u00dfer dem Klemmbrett und dem Zollstock kein Werkzeug in die Hand.<\/li>\n<li>Die <strong>Vorarbeiter<br \/>\n<\/strong>Wenn man selbst arbeitet, verliert man den \u00dcberblick. Der \u00dcberblick ist aber wichtig. Deshalb gibt es Vorarbeiter, die sich nicht in die Arbeit st\u00fcrzen, wo sie den \u00dcberblick verlieren k\u00f6nnten. Sie geben die Anweisungen an die &#8222;normalen&#8220; Arbeiter.<\/li>\n<li>Die <strong>Baufahrzeugf\u00fchrer<br \/>\n<\/strong>Wer ein Baufahrzeug f\u00fchren darf ist in einer pr\u00e4destinierten Lage. Er mu\u00df sich zwar hin und wieder vom Vorarbeiter sagen lassen, wo\u00b4s lang geht, aber er muss den Fahrersitz seines Baufahrzeuges nur verlassen, wenn er zur Dixi-Box muss oder eben am Feierabend. Oft gibt es gerade nix zu tun f\u00fcr die Baufahrzeugf\u00fchrer. Das stellt aber kein Problem dar.<\/li>\n<li>Die <strong>Arbeiter<\/strong><br \/>\nDie m\u00fcssen die neue Benno-Ohnesorg-Br\u00fccke bauen. Ganz einfach. Oft sind sie in der Minderzahl. Das mag etwas frustrieren, aber so eine Br\u00fcckenbaustelle ist kein Kinderspiel. Deshalb braucht man mehr IMNEKTs, Klemmbretttr\u00e4ger, Vorarbeiter und Baufahrzeugf\u00fchrer. Aber auch so ein Arbeiter hat die eine oder andere &#8222;ich-hab-grad-nix-zu-tun&#8220;-Phase und das macht die Sache unterm Strich ganz ertr\u00e4glich.<\/li>\n<\/ul>\n","protected":false},"excerpt":{"rendered":"<p>Die Akteure beim Br\u00fcckenbau lassen sich in der Reihenfolge ihrer Wichtigkeit in folgende Kategorien aufteilen: Die IMNEKTs IMNEKT ist das K\u00fcrzel f\u00fcr Ich-Muss-Nichtmal-Ein-Klemmbrett-Tragen Das sind die H\u00e4uptlinge vor Ort. Sie haben den \u00dcberblick, l\u00e4cheln in der Regel in die Sonne, wenn sie scheint, und halten kleine Schw\u00e4tzchen mit dem gehobenen Personal der Baustellenmannschaft. Die Klemmbretttr\u00e4ger [&hellip;]<\/p>\n","protected":false},"author":1,"featured_media":0,"parent":0,"menu_order":2,"comment_status":"open","ping_status":"open","template":"","meta":{"footnotes":""},"_links":{"self":[{"href":"https:\/\/www.bobbb.de\/index.php?rest_route=\/wp\/v2\/pages\/10"}],"collection":[{"href":"https:\/\/www.bobbb.de\/index.php?rest_route=\/wp\/v2\/pages"}],"about":[{"href":"https:\/\/www.bobbb.de\/index.php?rest_route=\/wp\/v2\/types\/page"}],"author":[{"embeddable":true,"href":"https:\/\/www.bobbb.de\/index.php?rest_route=\/wp\/v2\/users\/1"}],"replies":[{"embeddable":true,"href":"https:\/\/www.bobbb.de\/index.php?rest_route=%2Fwp%2Fv2%2Fcomments&post=10"}],"version-history":[{"count":7,"href":"https:\/\/www.bobbb.de\/index.php?rest_route=\/wp\/v2\/pages\/10\/revisions"}],"predecessor-version":[{"id":129,"href":"https:\/\/www.bobbb.de\/index.php?rest_route=\/wp\/v2\/pages\/10\/revisions\/129"}],"wp:attachment":[{"href":"https:\/\/www.bobbb.de\/index.php?rest_route=%2Fwp%2Fv2%2Fmedia&parent=10"}],"curies":[{"name":"wp","href":"https:\/\/api.w.org\/{rel}","templated":true}]}}