{"id":58,"date":"2008-09-05T10:26:58","date_gmt":"2008-09-05T08:26:58","guid":{"rendered":"http:\/\/www.bobbb.de\/?page_id=58"},"modified":"2008-09-15T19:56:41","modified_gmt":"2008-09-15T17:56:41","slug":"impressum-disclaimer","status":"publish","type":"page","link":"https:\/\/www.bobbb.de\/?page_id=58","title":{"rendered":"Impressum &#038; Disclaimer"},"content":{"rendered":"<p>Trotz der brisanten Thematik ist es meine Absicht immer fair zu urteilen und keiner handelnden oder nicht handelnden Person zu nahe zu treten. Die Blogeintr\u00e4ge stellen meine ganz pers\u00f6nliche Meinung dar. Gelegentliche Anfl\u00fcge von Ironie lassen sich aus thematischen Gr\u00fcnden nicht vermeiden.<\/p>\n<p>J\u00f6rg Allmann<br \/>\nK\u00f6rtingsdorf 29<br \/>\n30455 Hannover<br \/>\nEmail: jojo@bobbb.de<\/p>\n<p><strong>Disclaimer\/Haftungshinweis<\/strong><\/p>\n<p>Trotz sorgf\u00e4ltiger inhaltlicher Kontrolle \u00fcbernehme ich keine Haftung f\u00fcr die Inhalte externer Links. F\u00fcr den Inhalt der verlinkten Seiten sind ausschlie\u00dflich deren Betreiber verantwortlich.<\/p>\n<p>Ich bem\u00fche mich alle Kommentare zeitnah dahingehend zu pr\u00fcfen, ob sie sich auf dem Boden der freiheitlichen demokratischen Grundordnung bewegen.<\/p>\n","protected":false},"excerpt":{"rendered":"<p>Trotz der brisanten Thematik ist es meine Absicht immer fair zu urteilen und keiner handelnden oder nicht handelnden Person zu nahe zu treten. Die Blogeintr\u00e4ge stellen meine ganz pers\u00f6nliche Meinung dar. Gelegentliche Anfl\u00fcge von Ironie lassen sich aus thematischen Gr\u00fcnden nicht vermeiden. J\u00f6rg Allmann K\u00f6rtingsdorf 29 30455 Hannover Email: jojo@bobbb.de Disclaimer\/Haftungshinweis Trotz sorgf\u00e4ltiger inhaltlicher Kontrolle [&hellip;]<\/p>\n","protected":false},"author":1,"featured_media":0,"parent":0,"menu_order":5,"comment_status":"open","ping_status":"open","template":"","meta":{"footnotes":""},"_links":{"self":[{"href":"https:\/\/www.bobbb.de\/index.php?rest_route=\/wp\/v2\/pages\/58"}],"collection":[{"href":"https:\/\/www.bobbb.de\/index.php?rest_route=\/wp\/v2\/pages"}],"about":[{"href":"https:\/\/www.bobbb.de\/index.php?rest_route=\/wp\/v2\/types\/page"}],"author":[{"embeddable":true,"href":"https:\/\/www.bobbb.de\/index.php?rest_route=\/wp\/v2\/users\/1"}],"replies":[{"embeddable":true,"href":"https:\/\/www.bobbb.de\/index.php?rest_route=%2Fwp%2Fv2%2Fcomments&post=58"}],"version-history":[{"count":4,"href":"https:\/\/www.bobbb.de\/index.php?rest_route=\/wp\/v2\/pages\/58\/revisions"}],"predecessor-version":[{"id":109,"href":"https:\/\/www.bobbb.de\/index.php?rest_route=\/wp\/v2\/pages\/58\/revisions\/109"}],"wp:attachment":[{"href":"https:\/\/www.bobbb.de\/index.php?rest_route=%2Fwp%2Fv2%2Fmedia&parent=58"}],"curies":[{"name":"wp","href":"https:\/\/api.w.org\/{rel}","templated":true}]}}