{"id":62,"date":"2008-09-07T11:33:49","date_gmt":"2008-09-07T09:33:49","guid":{"rendered":"http:\/\/www.bobbb.de\/?page_id=62"},"modified":"2009-07-22T10:44:45","modified_gmt":"2009-07-22T08:44:45","slug":"benno-ohnesorg-brucke-in-google-earth","status":"publish","type":"page","link":"https:\/\/www.bobbb.de\/?page_id=62","title":{"rendered":"Benno-Ohnesorg-Br\u00fccke in Google Earth"},"content":{"rendered":"<p>So sah die Br\u00fccke vor Beginn der Bauma\u00dfnahmen -vermutlich Herbst 2007 &#8211; aus.<\/p>\n<div id=\"attachment_63\" style=\"width: 310px\" class=\"wp-caption alignnone\"><a href=\"\/wp-content\/uploads\/\/2008\/09\/google.jpg\"><img loading=\"lazy\" decoding=\"async\" aria-describedby=\"caption-attachment-63\" class=\"size-medium wp-image-63\" title=\"BOB\" src=\"\/wp-content\/uploads\/\/2008\/09\/google-300x200.jpg\" alt=\"Benno-Ohnesorg-Br\u00fccke in GoogleEarth zu Friedenszeiten\" width=\"300\" height=\"200\" \/><\/a><p id=\"caption-attachment-63\" class=\"wp-caption-text\">Benno-Ohnesorg-Br\u00fccke in GoogleEarth zu Friedenszeiten<\/p><\/div>\n<p>Wer Google Earth installiert hat, kann auch einfach auf die <a href=\"\/wp-content\/uploads\/\/2008\/09\/bob2.kmz\">Ortsmarke Benno-Ohnesorg-Br\u00fccke<\/a> klicken und den Flug zur Br\u00fccke durchf\u00fchren.<\/p>\n","protected":false},"excerpt":{"rendered":"<p>So sah die Br\u00fccke vor Beginn der Bauma\u00dfnahmen -vermutlich Herbst 2007 &#8211; aus. Wer Google Earth installiert hat, kann auch einfach auf die Ortsmarke Benno-Ohnesorg-Br\u00fccke klicken und den Flug zur Br\u00fccke durchf\u00fchren.<\/p>\n","protected":false},"author":1,"featured_media":0,"parent":0,"menu_order":4,"comment_status":"open","ping_status":"open","template":"","meta":{"footnotes":""},"_links":{"self":[{"href":"https:\/\/www.bobbb.de\/index.php?rest_route=\/wp\/v2\/pages\/62"}],"collection":[{"href":"https:\/\/www.bobbb.de\/index.php?rest_route=\/wp\/v2\/pages"}],"about":[{"href":"https:\/\/www.bobbb.de\/index.php?rest_route=\/wp\/v2\/types\/page"}],"author":[{"embeddable":true,"href":"https:\/\/www.bobbb.de\/index.php?rest_route=\/wp\/v2\/users\/1"}],"replies":[{"embeddable":true,"href":"https:\/\/www.bobbb.de\/index.php?rest_route=%2Fwp%2Fv2%2Fcomments&post=62"}],"version-history":[{"count":7,"href":"https:\/\/www.bobbb.de\/index.php?rest_route=\/wp\/v2\/pages\/62\/revisions"}],"predecessor-version":[{"id":674,"href":"https:\/\/www.bobbb.de\/index.php?rest_route=\/wp\/v2\/pages\/62\/revisions\/674"}],"wp:attachment":[{"href":"https:\/\/www.bobbb.de\/index.php?rest_route=%2Fwp%2Fv2%2Fmedia&parent=62"}],"curies":[{"name":"wp","href":"https:\/\/api.w.org\/{rel}","templated":true}]}}